{"id":42,"date":"2018-11-13T13:28:34","date_gmt":"2018-11-13T13:28:34","guid":{"rendered":"https:\/\/themes.getmotopress.com\/palmeria\/?page_id=42"},"modified":"2024-04-10T18:11:03","modified_gmt":"2024-04-10T17:11:03","slug":"welcome-to-portotilehouse","status":"publish","type":"page","link":"https:\/\/portotilehouse.com\/pt\/","title":{"rendered":"Bem-vindo \u00e0 Porto Tile House"},"content":{"rendered":"","protected":false},"excerpt":{"rendered":"<p>A Porto Tile House \u00e9 um alojamento local, que se localiza em Miragaia, Porto. Integra-se num edif\u00edcio antigo recuperado, mantendo as caracter\u00edsticas arquitet\u00f3nicas da \u00e9poca. O seu ambiente r\u00fastico e acolhedor \u00e9 prop\u00edcio para o romance ou a descoberta do Porto<\/p>","protected":false},"author":3,"featured_media":636,"parent":0,"menu_order":0,"comment_status":"closed","ping_status":"closed","template":"template-front-page.php","meta":{"footnotes":""},"class_list":["post-42","page","type-page","status-publish","has-post-thumbnail","hentry"],"jetpack_sharing_enabled":true,"_links":{"self":[{"href":"https:\/\/portotilehouse.com\/pt\/wp-json\/wp\/v2\/pages\/42","targetHints":{"allow":["GET"]}}],"collection":[{"href":"https:\/\/portotilehouse.com\/pt\/wp-json\/wp\/v2\/pages"}],"about":[{"href":"https:\/\/portotilehouse.com\/pt\/wp-json\/wp\/v2\/types\/page"}],"author":[{"embeddable":true,"href":"https:\/\/portotilehouse.com\/pt\/wp-json\/wp\/v2\/users\/3"}],"replies":[{"embeddable":true,"href":"https:\/\/portotilehouse.com\/pt\/wp-json\/wp\/v2\/comments?post=42"}],"version-history":[{"count":9,"href":"https:\/\/portotilehouse.com\/pt\/wp-json\/wp\/v2\/pages\/42\/revisions"}],"predecessor-version":[{"id":25854,"href":"https:\/\/portotilehouse.com\/pt\/wp-json\/wp\/v2\/pages\/42\/revisions\/25854"}],"wp:featuredmedia":[{"embeddable":true,"href":"https:\/\/portotilehouse.com\/pt\/wp-json\/wp\/v2\/media\/636"}],"wp:attachment":[{"href":"https:\/\/portotilehouse.com\/pt\/wp-json\/wp\/v2\/media?parent=42"}],"curies":[{"name":"wp","href":"https:\/\/api.w.org\/{rel}","templated":true}]}}