{"id":3619,"date":"2021-06-08T16:52:01","date_gmt":"2021-06-08T15:52:01","guid":{"rendered":"https:\/\/portotilehouse.com\/?page_id=3619"},"modified":"2024-03-18T14:23:36","modified_gmt":"2024-03-18T13:23:36","slug":"tradicional-picnic","status":"publish","type":"page","link":"https:\/\/portotilehouse.com\/pt\/tradicional-picnic\/","title":{"rendered":"ALMO\u00c7O EM POTE TRADICIONAL"},"content":{"rendered":"<div class=\"wp-block-image\">\n<figure class=\"aligncenter size-large\"><img data-recalc-dims=\"1\" loading=\"lazy\" decoding=\"async\" width=\"667\" height=\"417\" src=\"https:\/\/i0.wp.com\/portotilehouse.com\/wp-content\/uploads\/2021\/06\/Programa-Atividades-e-Orcamento_TOTUSALUS-12-edited.jpg?resize=667%2C417&#038;ssl=1\" alt=\"\" class=\"wp-image-3620\" srcset=\"https:\/\/i0.wp.com\/portotilehouse.com\/wp-content\/uploads\/2021\/06\/Programa-Atividades-e-Orcamento_TOTUSALUS-12-edited.jpg?w=667&amp;ssl=1 667w, https:\/\/i0.wp.com\/portotilehouse.com\/wp-content\/uploads\/2021\/06\/Programa-Atividades-e-Orcamento_TOTUSALUS-12-edited.jpg?resize=300%2C188&amp;ssl=1 300w, https:\/\/i0.wp.com\/portotilehouse.com\/wp-content\/uploads\/2021\/06\/Programa-Atividades-e-Orcamento_TOTUSALUS-12-edited.jpg?resize=16%2C10&amp;ssl=1 16w\" sizes=\"auto, (max-width: 667px) 100vw, 667px\" \/><\/figure>\n<\/div>\n\n\n<p>... o potencial de abra\u00e7ar a natureza e disfrutar da tranquilidade!<\/p>\n\n\n\n<p class=\"has-medium-font-size\">Menu*<\/p>\n\n\n\n<p>Entradas: P\u00e3o, Azeitonas, Broa<br>Sopa: Caldo Verde no Pote<br>Prato Principal: Arroz de Costelinhas no Pote<br>Sobremesa: Fruta da \u00c9poca e Leite Creme<br>Bebidas: \u00c1gua e Sumos | Vinho Tinto (pago \u00e0 parte)<br>*Pode sofrer altera\u00e7\u00f5es.<\/p>\n\n\n\n<figure class=\"wp-block-gallery has-nested-images columns-default is-cropped wp-block-gallery-1 is-layout-flex wp-block-gallery-is-layout-flex\">\n<figure class=\"wp-block-image size-large\"><img data-recalc-dims=\"1\" loading=\"lazy\" decoding=\"async\" width=\"564\" height=\"852\" data-id=\"3612\" src=\"https:\/\/i0.wp.com\/portotilehouse.com\/wp-content\/uploads\/2021\/06\/Programa-Atividades-e-Orcamento_TOTUSALUS-13.jpg?resize=564%2C852&#038;ssl=1\" alt=\"\" class=\"wp-image-3612\" srcset=\"https:\/\/i0.wp.com\/portotilehouse.com\/wp-content\/uploads\/2021\/06\/Programa-Atividades-e-Orcamento_TOTUSALUS-13.jpg?w=564&amp;ssl=1 564w, https:\/\/i0.wp.com\/portotilehouse.com\/wp-content\/uploads\/2021\/06\/Programa-Atividades-e-Orcamento_TOTUSALUS-13.jpg?resize=199%2C300&amp;ssl=1 199w, https:\/\/i0.wp.com\/portotilehouse.com\/wp-content\/uploads\/2021\/06\/Programa-Atividades-e-Orcamento_TOTUSALUS-13.jpg?resize=8%2C12&amp;ssl=1 8w\" sizes=\"auto, (max-width: 564px) 100vw, 564px\" \/><\/figure>\n\n\n\n<figure class=\"wp-block-image size-large\"><img data-recalc-dims=\"1\" loading=\"lazy\" decoding=\"async\" width=\"672\" height=\"504\" data-id=\"3610\" src=\"https:\/\/i0.wp.com\/portotilehouse.com\/wp-content\/uploads\/2021\/06\/Programa-Atividades-e-Orcamento_TOTUSALUS-10.jpg?resize=672%2C504&#038;ssl=1\" alt=\"\" class=\"wp-image-3610\" srcset=\"https:\/\/i0.wp.com\/portotilehouse.com\/wp-content\/uploads\/2021\/06\/Programa-Atividades-e-Orcamento_TOTUSALUS-10.jpg?w=960&amp;ssl=1 960w, https:\/\/i0.wp.com\/portotilehouse.com\/wp-content\/uploads\/2021\/06\/Programa-Atividades-e-Orcamento_TOTUSALUS-10.jpg?resize=300%2C225&amp;ssl=1 300w, https:\/\/i0.wp.com\/portotilehouse.com\/wp-content\/uploads\/2021\/06\/Programa-Atividades-e-Orcamento_TOTUSALUS-10.jpg?resize=768%2C576&amp;ssl=1 768w, https:\/\/i0.wp.com\/portotilehouse.com\/wp-content\/uploads\/2021\/06\/Programa-Atividades-e-Orcamento_TOTUSALUS-10.jpg?resize=16%2C12&amp;ssl=1 16w, https:\/\/i0.wp.com\/portotilehouse.com\/wp-content\/uploads\/2021\/06\/Programa-Atividades-e-Orcamento_TOTUSALUS-10.jpg?resize=892%2C669&amp;ssl=1 892w\" sizes=\"auto, (max-width: 672px) 100vw, 672px\" \/><\/figure>\n\n\n\n<figure class=\"wp-block-image size-large\"><img data-recalc-dims=\"1\" loading=\"lazy\" decoding=\"async\" width=\"672\" height=\"504\" data-id=\"3609\" src=\"https:\/\/i0.wp.com\/portotilehouse.com\/wp-content\/uploads\/2021\/06\/Programa-Atividades-e-Orcamento_TOTUSALUS-9.jpg?resize=672%2C504&#038;ssl=1\" alt=\"\" class=\"wp-image-3609\" srcset=\"https:\/\/i0.wp.com\/portotilehouse.com\/wp-content\/uploads\/2021\/06\/Programa-Atividades-e-Orcamento_TOTUSALUS-9.jpg?w=960&amp;ssl=1 960w, https:\/\/i0.wp.com\/portotilehouse.com\/wp-content\/uploads\/2021\/06\/Programa-Atividades-e-Orcamento_TOTUSALUS-9.jpg?resize=300%2C225&amp;ssl=1 300w, https:\/\/i0.wp.com\/portotilehouse.com\/wp-content\/uploads\/2021\/06\/Programa-Atividades-e-Orcamento_TOTUSALUS-9.jpg?resize=768%2C576&amp;ssl=1 768w, https:\/\/i0.wp.com\/portotilehouse.com\/wp-content\/uploads\/2021\/06\/Programa-Atividades-e-Orcamento_TOTUSALUS-9.jpg?resize=16%2C12&amp;ssl=1 16w, https:\/\/i0.wp.com\/portotilehouse.com\/wp-content\/uploads\/2021\/06\/Programa-Atividades-e-Orcamento_TOTUSALUS-9.jpg?resize=892%2C669&amp;ssl=1 892w\" sizes=\"auto, (max-width: 672px) 100vw, 672px\" \/><\/figure>\n<\/figure>\n\n\n\n<p>Pre\u00e7o por participante: 45\u20ac (+23% IVA)<\/p>\n\n\n\n<p>Inclui Seguro de Acidentes Pessoais<\/p>\n\n\n\n<p>Comunidade Anfitri\u00e3: Santa Comba da Sobreira, Paredes<\/p>\n\n\n\n<p>M\u00ednimo de Participantes: 10<\/p>\n\n\n\n<p>M\u00e1ximo de Participantes: 15<\/p>\n\n\n\n<p>Dias de realiza\u00e7\u00e3o: S\u00e1bados, Domingos e Feriados (por marca\u00e7\u00e3o pr\u00e9via).<br>Hor\u00e1rio: 12:30 at\u00e9 \u00e0s 15:00<\/p>\n\n\n\n<p>\u00c9 poss\u00edvel assegurar o transporte (ida e volta) entre a  Porto Tile House e o local da atividade. (Acresce valor)<\/p>\n\n\n\n<p>Para mais informa\u00e7\u00f5es, contacte para:&nbsp;<a href=\"mailto:geral@portotilehouse.com\" target=\"_blank\" rel=\"noreferrer noopener\">geral@portotilehouse.com<\/a>.<\/p>\n\n\n\n<p>Se quiser fazer j\u00e1 a sua reserva, preencha o seguinte formul\u00e1rio:<\/p>\n\n\n\n<div class=\"wp-block-contact-form-7-contact-form-selector\">\n<div class=\"wpcf7 no-js\" id=\"wpcf7-f12-o1\" lang=\"en-US\" dir=\"ltr\" data-wpcf7-id=\"12\">\n<div class=\"screen-reader-response\"><p role=\"status\" aria-live=\"polite\" aria-atomic=\"true\"><\/p> <ul><\/ul><\/div>\n<form action=\"\/pt\/wp-json\/wp\/v2\/pages\/3619#wpcf7-f12-o1\" method=\"post\" class=\"wpcf7-form init\" aria-label=\"Contact form\" novalidate=\"novalidate\" data-status=\"init\" data-trp-original-action=\"\/pt\/wp-json\/wp\/v2\/pages\/3619#wpcf7-f12-o1\">\n<fieldset class=\"hidden-fields-container\"><input type=\"hidden\" name=\"_wpcf7\" value=\"12\" \/><input type=\"hidden\" name=\"_wpcf7_version\" value=\"6.1.5\" \/><input type=\"hidden\" name=\"_wpcf7_locale\" value=\"en_US\" \/><input type=\"hidden\" name=\"_wpcf7_unit_tag\" value=\"wpcf7-f12-o1\" \/><input type=\"hidden\" name=\"_wpcf7_container_post\" value=\"0\" \/><input type=\"hidden\" name=\"_wpcf7_posted_data_hash\" value=\"\" \/>\n<\/fieldset>\n<p><label> Nome (obrigat\u00f3rio)<br \/>\n<span class=\"wpcf7-form-control-wrap\" data-name=\"your-name\"><input size=\"40\" maxlength=\"400\" class=\"wpcf7-form-control wpcf7-text wpcf7-validates-as-required\" aria-required=\"true\" aria-invalid=\"false\" value=\"\" type=\"text\" name=\"your-name\" \/><\/span> <\/label>\n<\/p>\n<p><label> Email (obrigat\u00f3rio)<br \/>\n<span class=\"wpcf7-form-control-wrap\" data-name=\"your-email\"><input size=\"40\" maxlength=\"400\" class=\"wpcf7-form-control wpcf7-email wpcf7-validates-as-required wpcf7-text wpcf7-validates-as-email\" aria-required=\"true\" aria-invalid=\"false\" value=\"\" type=\"email\" name=\"your-email\" \/><\/span> <\/label>\n<\/p>\n<p><label> Assunto<br \/>\n<span class=\"wpcf7-form-control-wrap\" data-name=\"your-subject\"><input size=\"40\" maxlength=\"400\" class=\"wpcf7-form-control wpcf7-text\" aria-invalid=\"false\" value=\"\" type=\"text\" name=\"your-subject\" \/><\/span> <\/label>\n<\/p>\n<p><label> Participantes (obrigat\u00f3rio)<br \/>\n<span class=\"wpcf7-form-control-wrap\" data-name=\"number-568\"><input class=\"wpcf7-form-control wpcf7-number wpcf7-validates-as-number\" aria-invalid=\"false\" value=\"\" type=\"number\" name=\"number-568\" \/><\/span> <\/label>\n<\/p>\n<p><label> Mensagem<br \/>\n<span class=\"wpcf7-form-control-wrap\" data-name=\"your-message\"><textarea cols=\"40\" rows=\"10\" maxlength=\"2000\" class=\"wpcf7-form-control wpcf7-textarea\" aria-invalid=\"false\" name=\"your-message\"><\/textarea><\/span> <\/label>\n<\/p>\n<p><span class=\"wpcf7-form-control-wrap\" data-name=\"quiz-639\"><label><span class=\"wpcf7-quiz-label\">4+5<\/span> <input size=\"40\" class=\"wpcf7-form-control wpcf7-quiz\" autocomplete=\"off\" aria-required=\"true\" aria-invalid=\"false\" type=\"text\" name=\"quiz-639\" \/><\/label><input type=\"hidden\" name=\"_wpcf7_quiz_answer_quiz-639\" value=\"5dd289bed6068fda8898ba1657fdd3dd\" \/><\/span><br \/>\n<input class=\"wpcf7-form-control wpcf7-submit has-spinner\" type=\"submit\" value=\"Enviar\" \/>\n<\/p><p style=\"display: none !important;\" class=\"akismet-fields-container\" data-prefix=\"_wpcf7_ak_\"><label>&#916;<textarea name=\"_wpcf7_ak_hp_textarea\" cols=\"45\" rows=\"8\" maxlength=\"100\"><\/textarea><\/label><input type=\"hidden\" id=\"ak_js_1\" name=\"_wpcf7_ak_js\" value=\"211\"\/><script>document.getElementById( \"ak_js_1\" ).setAttribute( \"value\", ( new Date() ).getTime() );<\/script><\/p><div class=\"wpcf7-response-output\" aria-hidden=\"true\"><\/div>\n<input type=\"hidden\" name=\"trp-form-language\" value=\"pt\"\/><\/form>\n<\/div>\n<\/div>","protected":false},"excerpt":{"rendered":"<p>\u2026the potential to embrace nature and enjoy its tranquility! Menu* Starters: Bread, Olives, BreadSoup: Caldo Verde in the PotMain Dish: Rib Rice in the PotDessert: Seasonal Fruit and Cream MilkDrinks: Water and Juices | Red wine (paid separately)*May go under changes. Price per participant: 45\u20ac (plus 23%\u00a0VAT) Includes Personal Accident Insurance Host Community: Santa Comba [&hellip;]<\/p>\n","protected":false},"author":3,"featured_media":3609,"parent":0,"menu_order":0,"comment_status":"closed","ping_status":"closed","template":"","meta":{"footnotes":""},"class_list":["post-3619","page","type-page","status-publish","has-post-thumbnail","hentry"],"jetpack_sharing_enabled":true,"_links":{"self":[{"href":"https:\/\/portotilehouse.com\/pt\/wp-json\/wp\/v2\/pages\/3619","targetHints":{"allow":["GET"]}}],"collection":[{"href":"https:\/\/portotilehouse.com\/pt\/wp-json\/wp\/v2\/pages"}],"about":[{"href":"https:\/\/portotilehouse.com\/pt\/wp-json\/wp\/v2\/types\/page"}],"author":[{"embeddable":true,"href":"https:\/\/portotilehouse.com\/pt\/wp-json\/wp\/v2\/users\/3"}],"replies":[{"embeddable":true,"href":"https:\/\/portotilehouse.com\/pt\/wp-json\/wp\/v2\/comments?post=3619"}],"version-history":[{"count":13,"href":"https:\/\/portotilehouse.com\/pt\/wp-json\/wp\/v2\/pages\/3619\/revisions"}],"predecessor-version":[{"id":27795,"href":"https:\/\/portotilehouse.com\/pt\/wp-json\/wp\/v2\/pages\/3619\/revisions\/27795"}],"wp:featuredmedia":[{"embeddable":true,"href":"https:\/\/portotilehouse.com\/pt\/wp-json\/wp\/v2\/media\/3609"}],"wp:attachment":[{"href":"https:\/\/portotilehouse.com\/pt\/wp-json\/wp\/v2\/media?parent=3619"}],"curies":[{"name":"wp","href":"https:\/\/api.w.org\/{rel}","templated":true}]}}