{"id":3,"date":"2020-07-27T15:53:30","date_gmt":"2020-07-27T15:53:30","guid":{"rendered":"http:\/\/www.yescar.com.pt\/casadomazulejo\/?page_id=3"},"modified":"2023-09-28T18:42:12","modified_gmt":"2023-09-28T17:42:12","slug":"privacy-policy","status":"publish","type":"page","link":"https:\/\/portotilehouse.com\/pt\/privacy-policy\/","title":{"rendered":"Pol\u00edtica de privacidade"},"content":{"rendered":"<h2 class=\"wp-block-heading\">Quem somos<\/h2>\n\n\n\n<p>O nosso sitio online \u00e9 https:\/\/portotilehouse.com .<\/p>\n\n\n\n<h2 class=\"wp-block-heading\">Que dados recolhemos?<\/h2>\n\n\n\n<p>As ferramentas online utilizadas pela Porto Tile House t\u00eam como objetivo que os clientes possam obter informa\u00e7\u00f5es, servi\u00e7os e recursos que relevantes para eles. Para alcan\u00e7ar esse objetivo, fazemos a recolha de informa\u00e7\u00f5es do utilizador atrav\u00e9s do website. No entanto, estamos empenhados em garantir que a informa\u00e7\u00e3o que recolhemos e utilizamos seja apropriada para essa finalidade e n\u00e3o constitua uma invas\u00e3o da sua privacidade. <\/p>\n\n\n\n<h3 class=\"wp-block-heading\">Coment\u00e1rios<\/h3>\n\n\n\n<p>Aceitamos as seguintes formas de identifica\u00e7\u00e3o quando as informa\u00e7\u00f5es sobre seus dados pessoais s\u00e3o solicitados: Cart\u00e3o de Cidad\u00e3o ou Passaporte. A Porto Tile House processar\u00e1 (recolha, armazenamento e utiliza\u00e7\u00e3o) as informa\u00e7\u00f5es que forem fornecidas de uma forma compat\u00edvel com o Regulamento Geral de Prote\u00e7\u00e3o de Dados (RGPD) da UE.<\/p>\n\n\n\n<p>Os seus dados pessoais poder\u00e3o ser fornecidos para prestadores de servi\u00e7os contratados pela Porto Tile House, durante a rela\u00e7\u00e3o consigo. Qualquer terceiro com o qual possamos compartilhar os seus dados, \u00e9 obrigado a mant\u00ea-los de forma segura e a us\u00e1-los apenas para executar o servi\u00e7o em nosso nome. Quando eles n\u00e3o precisarem mais dos seus dados para cumprir esse servi\u00e7o, eles destruir\u00e3o os mesmos de acordo com os procedimentos da Porto Tile House. Se quisermos enviar os seus dados pessoais sens\u00edveis para um terceiro, s\u00f3 o faremos uma vez que tenhamos o seu consentimento, a menos que sejamos legalmente obrigados a fazer o contr\u00e1rio.<\/p>\n\n\n\n<h3 class=\"wp-block-heading\">Media<\/h3>\n\n\n\n<p>Os ficheiros enviados ser\u00e3o apenas para nosso uso. As fotografias retiradas do nosso site podem ser utilizadas com o nosso consentimento desde que seja dado o respetivo cr\u00e9dito de autor.<\/p>\n\n\n\n<h3 class=\"wp-block-heading\">Formul\u00e1rios de contacto<\/h3>\n\n\n\n<h3 class=\"wp-block-heading\">Cookies<\/h3>\n\n\n\n<p>Este website utiliza cookies em determinadas \u00e1reas. Os cookies s\u00e3o arquivos de texto n\u00e3o execut\u00e1veis que armazenam informa\u00e7\u00f5es no disco r\u00edgido ou browser do utilizador.<\/p>\n\n\n\n<p>Os nossos cookies n\u00e3o recolhem informa\u00e7\u00e3o pessoal e s\u00f3 poder\u00e3o eventualmente recolher no futuro obtendo o seu consentimento.<\/p>\n\n\n\n<p>O utilizador pode configurar o seu browser para recusar os cookies, por\u00e9m, nesse caso, o website ou partes do mesmo podem n\u00e3o funcionar corretamente.<\/p>\n\n\n\n<p>Os cookies s\u00e3o utilizados para monitorizar e analisar a utiliza\u00e7\u00e3o do website, assim como proporcionar a melhor experi\u00eancia de utiliza\u00e7\u00e3o.<\/p>\n\n\n\n<h3 class=\"wp-block-heading\">Conte\u00fado embebido de outros sites<\/h3>\n\n\n\n<p>Por quanto tempo retemos os seus dados\nSe deixar um coment\u00e1rio, o coment\u00e1rio e os seus metadados ser\u00e3o retidos indefinidamente. Isso \u00e9 para que possamos reconhecer e aprovar quaisquer coment\u00e1rios de acompanhamento automaticamente, em vez de mant\u00ea-los em uma fila de modera\u00e7\u00e3o.<\/p>\n\n\n\n<p>Para utilizadores que se registam no nosso site (se houver), tamb\u00e9m armazenamos as informa\u00e7\u00f5es pessoais que eles fornecem no seu perfil de utilizador. Todos os utilizadores podem ver, editar ou excluir as suas informa\u00e7\u00f5es pessoais a qualquer momento (exceto alterar seu nome de utilizadore). Os administradores do site tamb\u00e9m podem ver e editar essas informa\u00e7\u00f5es.<\/p>\n\n\n\n<h3 class=\"wp-block-heading\">Dados para an\u00e1lise<\/h3>\n\n\n\n<h2 class=\"wp-block-heading\">Com quem partilhamos os seus dados<\/h2>\n\n\n\n<p>Ningu\u00e9m.<\/p>\n\n\n\n<h2 class=\"wp-block-heading\">Por quanto tempo retemos os seus dados<\/h2>\n\n\n\n<p>Se deixar um coment\u00e1rio, o coment\u00e1rio e os seus metadados ser\u00e3o retidos indefinidamente. Isso \u00e9 para que possamos reconhecer e aprovar quaisquer coment\u00e1rios de acompanhamento automaticamente, em vez de mant\u00ea-los em uma fila de modera\u00e7\u00e3o.<\/p>\n\n\n\n<p>Para utilizadores que se registam no nosso site (se houver), tamb\u00e9m armazenamos as informa\u00e7\u00f5es pessoais que eles fornecem em seu perfil de usu\u00e1rio. Todos os utilizadores podem ver, editar ou excluir as suas informa\u00e7\u00f5es pessoais a qualquer momento (exceto alterar o seu nome de utilizador). Os administradores do site tamb\u00e9m podem ver e editar essas informa\u00e7\u00f5es.<\/p>\n\n\n\n<h2 class=\"wp-block-heading\">Quais direitos tem sobre os seus dados<\/h2>\n\n\n\n<p>Se possui uma conta neste site, ou deixou coment\u00e1rios, pode solicitar um arquivo exportado dos dados pessoais que mantemos sobre si, incluindo quaisquer dados que nos forneceu. Tamb\u00e9m pode solicitar que apaguemos todos os dados pessoais que temos sobre si. Isso n\u00e3o inclui quaisquer dados que somos obrigados a manter para fins administrativos, legais ou de seguran\u00e7a.<\/p>\n\n\n\n<h2 class=\"wp-block-heading\">Informa\u00e7\u00f5es adicionais<\/h2>\n\n\n\n<h3 class=\"wp-block-heading\">Como protegemos os seus dados<\/h3>\n\n\n\n<p>Os coment\u00e1rios dos visitantes podem ser verificados por meio de um servi\u00e7o automatizado de dete\u00e7\u00e3o de spam. <\/p>\n\n\n\n<p>O edif\u00edcio tem uma c\u00e2mara de vigil\u00e2ncia na entrada.<\/p>","protected":false},"excerpt":{"rendered":"<p>Who we are Our website address is https:\/\/portotilehouse.com What personal data we collect and why we collect it We are using technologies like Cookies or Targeting and process personal data like the IP-address or browser information in order to personalize your experience int this site. This helps us to improve your internet experience. We also [&hellip;]<\/p>\n","protected":false},"author":3,"featured_media":636,"parent":0,"menu_order":0,"comment_status":"closed","ping_status":"closed","template":"","meta":{"footnotes":""},"class_list":["post-3","page","type-page","status-publish","has-post-thumbnail","hentry"],"jetpack_sharing_enabled":true,"_links":{"self":[{"href":"https:\/\/portotilehouse.com\/pt\/wp-json\/wp\/v2\/pages\/3","targetHints":{"allow":["GET"]}}],"collection":[{"href":"https:\/\/portotilehouse.com\/pt\/wp-json\/wp\/v2\/pages"}],"about":[{"href":"https:\/\/portotilehouse.com\/pt\/wp-json\/wp\/v2\/types\/page"}],"author":[{"embeddable":true,"href":"https:\/\/portotilehouse.com\/pt\/wp-json\/wp\/v2\/users\/3"}],"replies":[{"embeddable":true,"href":"https:\/\/portotilehouse.com\/pt\/wp-json\/wp\/v2\/comments?post=3"}],"version-history":[{"count":5,"href":"https:\/\/portotilehouse.com\/pt\/wp-json\/wp\/v2\/pages\/3\/revisions"}],"predecessor-version":[{"id":25620,"href":"https:\/\/portotilehouse.com\/pt\/wp-json\/wp\/v2\/pages\/3\/revisions\/25620"}],"wp:featuredmedia":[{"embeddable":true,"href":"https:\/\/portotilehouse.com\/pt\/wp-json\/wp\/v2\/media\/636"}],"wp:attachment":[{"href":"https:\/\/portotilehouse.com\/pt\/wp-json\/wp\/v2\/media?parent=3"}],"curies":[{"name":"wp","href":"https:\/\/api.w.org\/{rel}","templated":true}]}}