{"id":25680,"date":"2023-11-23T19:44:39","date_gmt":"2023-11-23T18:44:39","guid":{"rendered":"https:\/\/portotilehouse.com\/?page_id=25680"},"modified":"2024-01-07T20:48:15","modified_gmt":"2024-01-07T19:48:15","slug":"resolucao-de-litigios","status":"publish","type":"page","link":"https:\/\/portotilehouse.com\/pt\/resolucao-de-litigios\/","title":{"rendered":"RESOLU\u00c7\u00c3O DE LIT\u00cdGIOS"},"content":{"rendered":"<p> A Uni\u00e3o Europeia criou um site para apoiar os consumidores na apresenta\u00e7\u00e3o das suas reclama\u00e7\u00f5es sobre qualquer lit\u00edgio em que estejam envolvidos. Neste \u00e2mbito, a Porto Tile House disponibiliza toda a informa\u00e7\u00e3o para que possa exercer o seu direito de reclama\u00e7\u00e3o junto de uma entidade oficial, terceira e imparcial ao processo.\nAssim, se ficou insatisfeito com a aquisi\u00e7\u00e3o de um bem ou servi\u00e7o no nosso site, ou com a solu\u00e7\u00e3o por n\u00f3s apresentada para resolver a situa\u00e7\u00e3o, pode aceder a este site oficial e expor a sua contesta\u00e7\u00e3o. <\/p>\n\n\n\n<p><em>O que \u00e9 a resolu\u00e7\u00e3o alternativa de lit\u00edgios? <\/em><\/p>\n\n\n\n<p>A resolu\u00e7\u00e3o alternativa de lit\u00edgios \u00e9 a possibilidade que todos os consumidores t\u00eam ao seu dispor de recorrer e entidades oficiais que os ajudem na resolu\u00e7\u00e3o, ou orienta\u00e7\u00e3o de algum conflito, antes de abrirem processos litigiosos nos Tribunais. Regra geral, o procedimento \u00e9 o seguinte: o cliente pede a um terceiro imparcial que intervenha como intermedi\u00e1rio entre si e o comerciante que \u00e9 o alvo da sua reclama\u00e7\u00e3o. O intermedi\u00e1rio pode sugerir uma solu\u00e7\u00e3o para a sua reclama\u00e7\u00e3o, impor uma solu\u00e7\u00e3o a ambas as partes ou reunir as partes para encontrar uma solu\u00e7\u00e3o.<\/p>\n\n\n\n<p> Talvez conhe\u00e7a o conceito de resolu\u00e7\u00e3o alternativa de lit\u00edgios por outro nome: \u2018media\u00e7\u00e3o\u2019, \u2018concilia\u00e7\u00e3o\u2019, \u2018arbitragem\u2019 ou \u2018comiss\u00e3o competente no \u00e2mbito dos lit\u00edgios de consumo\u2019. A resolu\u00e7\u00e3o alternativa de lit\u00edgios \u00e9, por norma, menos dispendiosa, menos formal e mais r\u00e1pida do que a via judicial. <\/p>\n\n\n\n<p>Sugest\u00f5es de entidades de resolu\u00e7\u00e3o alternativa de lit\u00edgio: <\/p>\n\n\n\n<p><strong>CNIACC<\/strong> \u2013 Centro Nacional de Informa\u00e7\u00e3o e Arbitragem de Conflitos de Consumo (<em>National Center for Information and Arbitration of Consumer Conflicts<\/em>) https:\/\/www.cniacc.pt\/pt\/<\/p>\n\n\n\n<p class=\"translation-block\"><strong>CICAP<\/strong>\u00a0\u2013 Tribunal Arbitral de Consumo<br>Rua Dami\u00e3o de G\u00f3is, 31, Loja 6<br>4050-225 PORTO<br>Telefone: 22 550 83 49<br>Email:\u00a0<a href=\"mailto:cicap@cicap.pt\" target=\"_self\">cicap@cicap.pt<\/a><\/p>","protected":false},"excerpt":{"rendered":"<p>The European Union has created a website to support consumers in submitting their complaints about any disputes in which they are involved. In this context, Porto Tile House provides all the information so that you can exercise your right to consent to an official, third-party entity that is impartial to the process. Therefore, if you [&hellip;]<\/p>\n","protected":false},"author":3,"featured_media":0,"parent":0,"menu_order":0,"comment_status":"closed","ping_status":"closed","template":"","meta":{"footnotes":""},"class_list":["post-25680","page","type-page","status-publish","hentry"],"jetpack_sharing_enabled":true,"_links":{"self":[{"href":"https:\/\/portotilehouse.com\/pt\/wp-json\/wp\/v2\/pages\/25680","targetHints":{"allow":["GET"]}}],"collection":[{"href":"https:\/\/portotilehouse.com\/pt\/wp-json\/wp\/v2\/pages"}],"about":[{"href":"https:\/\/portotilehouse.com\/pt\/wp-json\/wp\/v2\/types\/page"}],"author":[{"embeddable":true,"href":"https:\/\/portotilehouse.com\/pt\/wp-json\/wp\/v2\/users\/3"}],"replies":[{"embeddable":true,"href":"https:\/\/portotilehouse.com\/pt\/wp-json\/wp\/v2\/comments?post=25680"}],"version-history":[{"count":2,"href":"https:\/\/portotilehouse.com\/pt\/wp-json\/wp\/v2\/pages\/25680\/revisions"}],"predecessor-version":[{"id":25881,"href":"https:\/\/portotilehouse.com\/pt\/wp-json\/wp\/v2\/pages\/25680\/revisions\/25881"}],"wp:attachment":[{"href":"https:\/\/portotilehouse.com\/pt\/wp-json\/wp\/v2\/media?parent=25680"}],"curies":[{"name":"wp","href":"https:\/\/api.w.org\/{rel}","templated":true}]}}