{"id":2114,"date":"2021-04-05T11:25:24","date_gmt":"2021-04-05T11:25:24","guid":{"rendered":"https:\/\/portotilehouse.com\/?page_id=2114"},"modified":"2023-09-28T18:45:57","modified_gmt":"2023-09-28T17:45:57","slug":"taipa-de-rodizio","status":"publish","type":"page","link":"https:\/\/portotilehouse.com\/pt\/taipa-de-rodizio\/","title":{"rendered":"Taipa de Rodizio"},"content":{"rendered":"<p>A parede\u00a0que aqui \u00e9 visivel, tem o nome de Taipa de Rodizio, \u00e9 uma t\u00e9cnica tradicional de construc\u00e7\u00e3o que consistia numa estrutura de vigas de madeira funcionando como um esqueleto com alguma elasticidade, sendo preenchidas com argamassa, tijolo burro e em alguns casos pedra miuda.<\/p>\n\n\n\n<figure class=\"wp-block-gallery has-nested-images columns-default is-cropped wp-block-gallery-1 is-layout-flex wp-block-gallery-is-layout-flex\">\n<figure class=\"wp-block-image size-large\"><img data-recalc-dims=\"1\" loading=\"lazy\" decoding=\"async\" width=\"672\" height=\"1015\" data-id=\"648\" src=\"https:\/\/i0.wp.com\/portotilehouse.com\/wp-content\/uploads\/2018\/11\/DSC_0318.jpg?resize=672%2C1015&#038;ssl=1\" alt=\"Casa Dom Azulejo Porto Miragaia Patrim\u00f3nio Hist\u00f3ria Cultura Azulejo Sustentabilidade\" class=\"wp-image-648\" srcset=\"https:\/\/i0.wp.com\/portotilehouse.com\/wp-content\/uploads\/2018\/11\/DSC_0318-rotated.jpg?resize=678%2C1024&amp;ssl=1 678w, https:\/\/i0.wp.com\/portotilehouse.com\/wp-content\/uploads\/2018\/11\/DSC_0318-rotated.jpg?resize=199%2C300&amp;ssl=1 199w, https:\/\/i0.wp.com\/portotilehouse.com\/wp-content\/uploads\/2018\/11\/DSC_0318-rotated.jpg?resize=768%2C1160&amp;ssl=1 768w, https:\/\/i0.wp.com\/portotilehouse.com\/wp-content\/uploads\/2018\/11\/DSC_0318-rotated.jpg?resize=1017%2C1536&amp;ssl=1 1017w, https:\/\/i0.wp.com\/portotilehouse.com\/wp-content\/uploads\/2018\/11\/DSC_0318-rotated.jpg?resize=1356%2C2048&amp;ssl=1 1356w, https:\/\/i0.wp.com\/portotilehouse.com\/wp-content\/uploads\/2018\/11\/DSC_0318-rotated.jpg?resize=8%2C12&amp;ssl=1 8w, https:\/\/i0.wp.com\/portotilehouse.com\/wp-content\/uploads\/2018\/11\/DSC_0318-rotated.jpg?resize=892%2C1347&amp;ssl=1 892w, https:\/\/i0.wp.com\/portotilehouse.com\/wp-content\/uploads\/2018\/11\/DSC_0318-rotated.jpg?w=1632&amp;ssl=1 1632w\" sizes=\"auto, (max-width: 672px) 100vw, 672px\" \/><figcaption class=\"wp-element-caption\">Miragaia Studio| Porto Tile House | Heritage | History | Culture | Sustainability<\/figcaption><\/figure>\n\n\n\n<figure class=\"wp-block-image size-large\"><img data-recalc-dims=\"1\" loading=\"lazy\" decoding=\"async\" width=\"672\" height=\"445\" data-id=\"647\" src=\"https:\/\/i0.wp.com\/portotilehouse.com\/wp-content\/uploads\/2018\/11\/DSC_0317.jpg?resize=672%2C445&#038;ssl=1\" alt=\"Casa Dom Azulejo Porto Miragaia Patrim\u00f3nio Hist\u00f3ria Cultura Azulejo Sustentabilidade\" class=\"wp-image-647\" srcset=\"https:\/\/i0.wp.com\/portotilehouse.com\/wp-content\/uploads\/2018\/11\/DSC_0317.jpg?resize=1024%2C678&amp;ssl=1 1024w, https:\/\/i0.wp.com\/portotilehouse.com\/wp-content\/uploads\/2018\/11\/DSC_0317.jpg?resize=300%2C199&amp;ssl=1 300w, https:\/\/i0.wp.com\/portotilehouse.com\/wp-content\/uploads\/2018\/11\/DSC_0317.jpg?resize=768%2C509&amp;ssl=1 768w, https:\/\/i0.wp.com\/portotilehouse.com\/wp-content\/uploads\/2018\/11\/DSC_0317.jpg?resize=1536%2C1017&amp;ssl=1 1536w, https:\/\/i0.wp.com\/portotilehouse.com\/wp-content\/uploads\/2018\/11\/DSC_0317.jpg?resize=2048%2C1356&amp;ssl=1 2048w, https:\/\/i0.wp.com\/portotilehouse.com\/wp-content\/uploads\/2018\/11\/DSC_0317.jpg?resize=16%2C12&amp;ssl=1 16w, https:\/\/i0.wp.com\/portotilehouse.com\/wp-content\/uploads\/2018\/11\/DSC_0317.jpg?resize=892%2C591&amp;ssl=1 892w, https:\/\/i0.wp.com\/portotilehouse.com\/wp-content\/uploads\/2018\/11\/DSC_0317.jpg?resize=150%2C100&amp;ssl=1 150w, https:\/\/i0.wp.com\/portotilehouse.com\/wp-content\/uploads\/2018\/11\/DSC_0317.jpg?w=1344&amp;ssl=1 1344w\" sizes=\"auto, (max-width: 672px) 100vw, 672px\" \/><figcaption class=\"wp-element-caption\">Miragaia Studio| Porto Tile House| Heritage | History | Culture | Sustainability<\/figcaption><\/figure>\n\n\n\n<figure class=\"wp-block-image size-large\"><img data-recalc-dims=\"1\" loading=\"lazy\" decoding=\"async\" width=\"672\" height=\"445\" data-id=\"641\" src=\"https:\/\/i0.wp.com\/portotilehouse.com\/wp-content\/uploads\/2018\/11\/DSC_0827.jpg?resize=672%2C445&#038;ssl=1\" alt=\"\" class=\"wp-image-641\" srcset=\"https:\/\/i0.wp.com\/portotilehouse.com\/wp-content\/uploads\/2018\/11\/DSC_0827.jpg?resize=1024%2C678&amp;ssl=1 1024w, https:\/\/i0.wp.com\/portotilehouse.com\/wp-content\/uploads\/2018\/11\/DSC_0827.jpg?resize=300%2C199&amp;ssl=1 300w, https:\/\/i0.wp.com\/portotilehouse.com\/wp-content\/uploads\/2018\/11\/DSC_0827.jpg?resize=768%2C509&amp;ssl=1 768w, https:\/\/i0.wp.com\/portotilehouse.com\/wp-content\/uploads\/2018\/11\/DSC_0827.jpg?resize=1536%2C1017&amp;ssl=1 1536w, https:\/\/i0.wp.com\/portotilehouse.com\/wp-content\/uploads\/2018\/11\/DSC_0827.jpg?resize=2048%2C1356&amp;ssl=1 2048w, https:\/\/i0.wp.com\/portotilehouse.com\/wp-content\/uploads\/2018\/11\/DSC_0827.jpg?resize=16%2C12&amp;ssl=1 16w, https:\/\/i0.wp.com\/portotilehouse.com\/wp-content\/uploads\/2018\/11\/DSC_0827.jpg?resize=892%2C591&amp;ssl=1 892w, https:\/\/i0.wp.com\/portotilehouse.com\/wp-content\/uploads\/2018\/11\/DSC_0827.jpg?resize=150%2C100&amp;ssl=1 150w, https:\/\/i0.wp.com\/portotilehouse.com\/wp-content\/uploads\/2018\/11\/DSC_0827.jpg?w=1344&amp;ssl=1 1344w\" sizes=\"auto, (max-width: 672px) 100vw, 672px\" \/><figcaption class=\"wp-element-caption\">Miragaia Studio| Porto Tile House| Heritage | History | Culture | Sustainability<\/figcaption><\/figure>\n\n\n\n<figure class=\"wp-block-image size-large\"><img data-recalc-dims=\"1\" loading=\"lazy\" decoding=\"async\" width=\"672\" height=\"1015\" data-id=\"646\" src=\"https:\/\/i0.wp.com\/portotilehouse.com\/wp-content\/uploads\/2018\/11\/DSC_0836.jpg?resize=672%2C1015&#038;ssl=1\" alt=\"Casa Dom Azulejo Porto Miragaia Patrim\u00f3nio Hist\u00f3ria Cultura Azulejo Sustentabilidade\" class=\"wp-image-646\" srcset=\"https:\/\/i0.wp.com\/portotilehouse.com\/wp-content\/uploads\/2018\/11\/DSC_0836.jpg?resize=678%2C1024&amp;ssl=1 678w, https:\/\/i0.wp.com\/portotilehouse.com\/wp-content\/uploads\/2018\/11\/DSC_0836.jpg?resize=199%2C300&amp;ssl=1 199w, https:\/\/i0.wp.com\/portotilehouse.com\/wp-content\/uploads\/2018\/11\/DSC_0836.jpg?resize=768%2C1160&amp;ssl=1 768w, https:\/\/i0.wp.com\/portotilehouse.com\/wp-content\/uploads\/2018\/11\/DSC_0836.jpg?resize=1017%2C1536&amp;ssl=1 1017w, https:\/\/i0.wp.com\/portotilehouse.com\/wp-content\/uploads\/2018\/11\/DSC_0836.jpg?resize=1356%2C2048&amp;ssl=1 1356w, https:\/\/i0.wp.com\/portotilehouse.com\/wp-content\/uploads\/2018\/11\/DSC_0836.jpg?resize=8%2C12&amp;ssl=1 8w, https:\/\/i0.wp.com\/portotilehouse.com\/wp-content\/uploads\/2018\/11\/DSC_0836.jpg?resize=892%2C1347&amp;ssl=1 892w, https:\/\/i0.wp.com\/portotilehouse.com\/wp-content\/uploads\/2018\/11\/DSC_0836.jpg?w=1632&amp;ssl=1 1632w\" sizes=\"auto, (max-width: 672px) 100vw, 672px\" \/><figcaption class=\"wp-element-caption\">Miragaia Studio| Porto Tile House| Heritage | History | Culture | Sustainability<\/figcaption><\/figure>\n<\/figure>\n\n\n<div class=\"wp-block-image\">\n<figure class=\"aligncenter size-full\"><img data-recalc-dims=\"1\" loading=\"lazy\" decoding=\"async\" width=\"50\" height=\"50\" src=\"https:\/\/i0.wp.com\/portotilehouse.com\/wp-content\/uploads\/2023\/09\/cropped-cropped-05-PTH-1-Logotipo-Cor-total-e1695751307603.jpg?resize=50%2C50&#038;ssl=1\" alt=\"\" class=\"wp-image-25597\" srcset=\"https:\/\/i0.wp.com\/portotilehouse.com\/wp-content\/uploads\/2023\/09\/cropped-cropped-05-PTH-1-Logotipo-Cor-total-e1695751307603.jpg?w=50&amp;ssl=1 50w, https:\/\/i0.wp.com\/portotilehouse.com\/wp-content\/uploads\/2023\/09\/cropped-cropped-05-PTH-1-Logotipo-Cor-total-e1695751307603.jpg?resize=12%2C12&amp;ssl=1 12w\" sizes=\"auto, (max-width: 50px) 100vw, 50px\" \/><\/figure>\n<\/div>","protected":false},"excerpt":{"rendered":"<p>A parede\u00a0que aqui \u00e9 visivel, tem o nome de Taipa de Rodizio, \u00e9 uma t\u00e9cnica tradicional de construc\u00e7\u00e3o que consistia numa estrutura de vigas de madeira funcionando como um esqueleto com alguma elasticidade, sendo preenchidas com argamassa, tijolo burro e em alguns casos pedra miuda.<\/p>","protected":false},"author":3,"featured_media":0,"parent":0,"menu_order":0,"comment_status":"closed","ping_status":"closed","template":"","meta":{"footnotes":""},"class_list":["post-2114","page","type-page","status-publish","hentry"],"jetpack_sharing_enabled":true,"_links":{"self":[{"href":"https:\/\/portotilehouse.com\/pt\/wp-json\/wp\/v2\/pages\/2114","targetHints":{"allow":["GET"]}}],"collection":[{"href":"https:\/\/portotilehouse.com\/pt\/wp-json\/wp\/v2\/pages"}],"about":[{"href":"https:\/\/portotilehouse.com\/pt\/wp-json\/wp\/v2\/types\/page"}],"author":[{"embeddable":true,"href":"https:\/\/portotilehouse.com\/pt\/wp-json\/wp\/v2\/users\/3"}],"replies":[{"embeddable":true,"href":"https:\/\/portotilehouse.com\/pt\/wp-json\/wp\/v2\/comments?post=2114"}],"version-history":[{"count":6,"href":"https:\/\/portotilehouse.com\/pt\/wp-json\/wp\/v2\/pages\/2114\/revisions"}],"predecessor-version":[{"id":25623,"href":"https:\/\/portotilehouse.com\/pt\/wp-json\/wp\/v2\/pages\/2114\/revisions\/25623"}],"wp:attachment":[{"href":"https:\/\/portotilehouse.com\/pt\/wp-json\/wp\/v2\/media?parent=2114"}],"curies":[{"name":"wp","href":"https:\/\/api.w.org\/{rel}","templated":true}]}}