{"id":2105,"date":"2021-04-05T10:37:03","date_gmt":"2021-04-05T10:37:03","guid":{"rendered":"https:\/\/portotilehouse.com\/?page_id=2105"},"modified":"2023-12-29T15:55:31","modified_gmt":"2023-12-29T14:55:31","slug":"entrance-showcase","status":"publish","type":"page","link":"https:\/\/portotilehouse.com\/pt\/entrance-showcase\/","title":{"rendered":"Mostru\u00e1rio"},"content":{"rendered":"<figure class=\"wp-block-gallery has-nested-images columns-default is-cropped wp-block-gallery-1 is-layout-flex wp-block-gallery-is-layout-flex\">\n<figure class=\"wp-block-image size-large\"><img data-recalc-dims=\"1\" loading=\"lazy\" decoding=\"async\" width=\"672\" height=\"448\" data-id=\"2150\" src=\"https:\/\/i0.wp.com\/portotilehouse.com\/wp-content\/uploads\/2021\/04\/2019_b_ent_02_013309_w.jpg?resize=672%2C448&#038;ssl=1\" alt=\"\" class=\"wp-image-2150\" srcset=\"https:\/\/i0.wp.com\/portotilehouse.com\/wp-content\/uploads\/2021\/04\/2019_b_ent_02_013309_w.jpg?w=960&amp;ssl=1 960w, https:\/\/i0.wp.com\/portotilehouse.com\/wp-content\/uploads\/2021\/04\/2019_b_ent_02_013309_w.jpg?resize=300%2C200&amp;ssl=1 300w, https:\/\/i0.wp.com\/portotilehouse.com\/wp-content\/uploads\/2021\/04\/2019_b_ent_02_013309_w.jpg?resize=768%2C512&amp;ssl=1 768w, https:\/\/i0.wp.com\/portotilehouse.com\/wp-content\/uploads\/2021\/04\/2019_b_ent_02_013309_w.jpg?resize=16%2C12&amp;ssl=1 16w, https:\/\/i0.wp.com\/portotilehouse.com\/wp-content\/uploads\/2021\/04\/2019_b_ent_02_013309_w.jpg?resize=892%2C594&amp;ssl=1 892w, https:\/\/i0.wp.com\/portotilehouse.com\/wp-content\/uploads\/2021\/04\/2019_b_ent_02_013309_w.jpg?resize=150%2C100&amp;ssl=1 150w\" sizes=\"auto, (max-width: 672px) 100vw, 672px\" \/><\/figure>\n\n\n\n<figure class=\"wp-block-image size-large\"><img data-recalc-dims=\"1\" loading=\"lazy\" decoding=\"async\" width=\"672\" height=\"568\" data-id=\"2151\" src=\"https:\/\/i0.wp.com\/portotilehouse.com\/wp-content\/uploads\/2021\/04\/2019_b_ent_04_013362_w.jpg?resize=672%2C568&#038;ssl=1\" alt=\"\" class=\"wp-image-2151\" srcset=\"https:\/\/i0.wp.com\/portotilehouse.com\/wp-content\/uploads\/2021\/04\/2019_b_ent_04_013362_w.jpg?w=960&amp;ssl=1 960w, https:\/\/i0.wp.com\/portotilehouse.com\/wp-content\/uploads\/2021\/04\/2019_b_ent_04_013362_w.jpg?resize=300%2C253&amp;ssl=1 300w, https:\/\/i0.wp.com\/portotilehouse.com\/wp-content\/uploads\/2021\/04\/2019_b_ent_04_013362_w.jpg?resize=768%2C649&amp;ssl=1 768w, https:\/\/i0.wp.com\/portotilehouse.com\/wp-content\/uploads\/2021\/04\/2019_b_ent_04_013362_w.jpg?resize=14%2C12&amp;ssl=1 14w, https:\/\/i0.wp.com\/portotilehouse.com\/wp-content\/uploads\/2021\/04\/2019_b_ent_04_013362_w.jpg?resize=892%2C754&amp;ssl=1 892w\" sizes=\"auto, (max-width: 672px) 100vw, 672px\" \/><\/figure>\n\n\n\n<figure class=\"wp-block-image size-large\"><img data-recalc-dims=\"1\" loading=\"lazy\" decoding=\"async\" width=\"672\" height=\"448\" data-id=\"2152\" src=\"https:\/\/i0.wp.com\/portotilehouse.com\/wp-content\/uploads\/2021\/04\/2019_b_ent_05_013361_w.jpg?resize=672%2C448&#038;ssl=1\" alt=\"\" class=\"wp-image-2152\" srcset=\"https:\/\/i0.wp.com\/portotilehouse.com\/wp-content\/uploads\/2021\/04\/2019_b_ent_05_013361_w.jpg?w=960&amp;ssl=1 960w, https:\/\/i0.wp.com\/portotilehouse.com\/wp-content\/uploads\/2021\/04\/2019_b_ent_05_013361_w.jpg?resize=300%2C200&amp;ssl=1 300w, https:\/\/i0.wp.com\/portotilehouse.com\/wp-content\/uploads\/2021\/04\/2019_b_ent_05_013361_w.jpg?resize=768%2C512&amp;ssl=1 768w, https:\/\/i0.wp.com\/portotilehouse.com\/wp-content\/uploads\/2021\/04\/2019_b_ent_05_013361_w.jpg?resize=16%2C12&amp;ssl=1 16w, https:\/\/i0.wp.com\/portotilehouse.com\/wp-content\/uploads\/2021\/04\/2019_b_ent_05_013361_w.jpg?resize=892%2C594&amp;ssl=1 892w, https:\/\/i0.wp.com\/portotilehouse.com\/wp-content\/uploads\/2021\/04\/2019_b_ent_05_013361_w.jpg?resize=150%2C100&amp;ssl=1 150w\" sizes=\"auto, (max-width: 672px) 100vw, 672px\" \/><\/figure>\n<\/figure>\n\n\n\n<p>Este painel de azulejos \u00e9 um mostru\u00e1rio da antiga f\u00e1brica de cer\u00e2mica Santo Ant\u00f3nio Vale da Piedade, que foi fundada em 1784 pelo genov\u00eas Ger\u00f3nimo Rossi, Vice-Consul da Sardenha no Porto. <\/p>\n\n\n\n<p>Esta f\u00e1brica produzia lou\u00e7a de faian\u00e7a e azulejos, sendo muito forte na exporta\u00e7\u00e3o para o mercado das Am\u00e9ricas.\nTendo v\u00e1rios donos, um deles Jo\u00e3o do Rio (1861) em que na \u00e9poca era o dono da Porto Tile House e de um pr\u00e9dio vizinho no numero 36 desta mesma rua. <\/p>\n\n\n\n<p>Sendo nesta altura que a Porto Tile House \u00e9 decorada com os azulejos que a revestem.<\/p>\n\n\n<div class=\"wp-block-image\">\n<figure class=\"aligncenter size-full\"><img data-recalc-dims=\"1\" loading=\"lazy\" decoding=\"async\" width=\"50\" height=\"50\" src=\"https:\/\/i0.wp.com\/portotilehouse.com\/wp-content\/uploads\/2023\/09\/cropped-cropped-05-PTH-1-Logotipo-Cor-total-e1695751307603.jpg?resize=50%2C50&#038;ssl=1\" alt=\"\" class=\"wp-image-25597\" srcset=\"https:\/\/i0.wp.com\/portotilehouse.com\/wp-content\/uploads\/2023\/09\/cropped-cropped-05-PTH-1-Logotipo-Cor-total-e1695751307603.jpg?w=50&amp;ssl=1 50w, https:\/\/i0.wp.com\/portotilehouse.com\/wp-content\/uploads\/2023\/09\/cropped-cropped-05-PTH-1-Logotipo-Cor-total-e1695751307603.jpg?resize=12%2C12&amp;ssl=1 12w\" sizes=\"auto, (max-width: 50px) 100vw, 50px\" \/><\/figure>\n<\/div>","protected":false},"excerpt":{"rendered":"<p>This tile panel is a showcase of the old ceramic factory Santo Ant\u00f3nio Vale da Piedade, which was founded in 1784 by the Genoese Ger\u00f3nimo Rossi, Vice-Consul of Sardinia in Porto. This factory produced earthenware and tiles, being very strong in exports to the Americas market. Having several owners, one of them Jo\u00e3o do Rio [&hellip;]<\/p>\n","protected":false},"author":3,"featured_media":2149,"parent":0,"menu_order":0,"comment_status":"closed","ping_status":"closed","template":"","meta":{"footnotes":""},"class_list":["post-2105","page","type-page","status-publish","has-post-thumbnail","hentry"],"jetpack_sharing_enabled":true,"_links":{"self":[{"href":"https:\/\/portotilehouse.com\/pt\/wp-json\/wp\/v2\/pages\/2105","targetHints":{"allow":["GET"]}}],"collection":[{"href":"https:\/\/portotilehouse.com\/pt\/wp-json\/wp\/v2\/pages"}],"about":[{"href":"https:\/\/portotilehouse.com\/pt\/wp-json\/wp\/v2\/types\/page"}],"author":[{"embeddable":true,"href":"https:\/\/portotilehouse.com\/pt\/wp-json\/wp\/v2\/users\/3"}],"replies":[{"embeddable":true,"href":"https:\/\/portotilehouse.com\/pt\/wp-json\/wp\/v2\/comments?post=2105"}],"version-history":[{"count":9,"href":"https:\/\/portotilehouse.com\/pt\/wp-json\/wp\/v2\/pages\/2105\/revisions"}],"predecessor-version":[{"id":25861,"href":"https:\/\/portotilehouse.com\/pt\/wp-json\/wp\/v2\/pages\/2105\/revisions\/25861"}],"wp:featuredmedia":[{"embeddable":true,"href":"https:\/\/portotilehouse.com\/pt\/wp-json\/wp\/v2\/media\/2149"}],"wp:attachment":[{"href":"https:\/\/portotilehouse.com\/pt\/wp-json\/wp\/v2\/media?parent=2105"}],"curies":[{"name":"wp","href":"https:\/\/api.w.org\/{rel}","templated":true}]}}