{"id":175,"date":"2018-11-14T10:18:46","date_gmt":"2018-11-14T10:18:46","guid":{"rendered":"https:\/\/themes.getmotopress.com\/palmeria\/?page_id=175"},"modified":"2023-11-02T19:57:28","modified_gmt":"2023-11-02T18:57:28","slug":"terms-conditions","status":"publish","type":"page","link":"https:\/\/portotilehouse.com\/pt\/terms-conditions\/","title":{"rendered":"Termos e Condi\u00e7\u00f5es"},"content":{"rendered":"<p>A Porto Tile House compromete-se a garantir a privacidade e confidencialidade dos utilizadores do nosso site.\nA Pol\u00edtica de Privacidade pode sofrer altera\u00e7\u00f5es, por isso v\u00e1 consultando esta p\u00e1gina para estar a par das atualiza\u00e7\u00f5es. As ferramentas online utilizadas pela Porto Tile House t\u00eam como objetivo que os clientes possam obter informa\u00e7\u00f5es, servi\u00e7os e recursos que relevantes para eles. Para alcan\u00e7ar esse objetivo, fazemos a recolha de informa\u00e7\u00f5es do utilizador atrav\u00e9s do website. No entanto, estamos empenhados em garantir que a informa\u00e7\u00e3o que recolhemos e utilizamos seja apropriada para essa finalidade e n\u00e3o constitua uma invas\u00e3o da sua privacidade. Aceitamos as seguintes formas de identifica\u00e7\u00e3o quando as informa\u00e7\u00f5es sobre seus dados pessoais s\u00e3o solicitados: Cart\u00e3o de Cidad\u00e3o ou Passaporte.<\/p>\n\n\n\n<p>A Porto Tile House est\u00e1 certificada no centro de arbitragem de resolu\u00e7\u00e3o de lit\u00edgios (<a rel=\"noreferrer noopener\" href=\"https:\/\/cicap.pt\" target=\"_blank\">CICAP<\/a>).<\/p>\n\n\n\n<p>Detalhes de contacto do Respons\u00e1vel da Prote\u00e7\u00e3o de Dados<\/p>\n\n\n\n<p>Respons\u00e1vel :\u00a0Porto Tile House<\/p>\n\n\n\n<p>Morada : Rua de Miragaia, 11, Porto, Portugal<\/p>\n\n\n\n<p>E-mail : geral@portotilehouse.com<\/p>\n\n\n\n<p>Este website utiliza cookies em determinadas \u00e1reas. Os cookies s\u00e3o arquivos de texto n\u00e3o execut\u00e1veis que armazenam informa\u00e7\u00f5es no disco r\u00edgido ou browser do Utilizador. Os nossos cookies n\u00e3o recolhem informa\u00e7\u00e3o pessoal e s\u00f3 poder\u00e3o eventualmente recolher no futuro obtendo o seu consentimento. O Utilizador pode configurar o seu browser para recusar os cookies, por\u00e9m, nesse caso, o website ou partes do mesmo podem n\u00e3o funcionar corretamente. Os cookies s\u00e3o utilizados para monitorizar e analisar a utiliza\u00e7\u00e3o do website, assim como proporcionar a melhor experi\u00eancia de utiliza\u00e7\u00e3o.<\/p>","protected":false},"excerpt":{"rendered":"<p>Porto Tile House is committed to ensuring the privacy and confidentiality of users of our site. The Privacy Policy may change, so please check this page for updates. The online tools used by Porto Tile House aim at providing customers with information, services and resources that are relevant to them. To achieve this goal, we [&hellip;]<\/p>\n","protected":false},"author":3,"featured_media":0,"parent":0,"menu_order":0,"comment_status":"closed","ping_status":"closed","template":"","meta":{"footnotes":""},"class_list":["post-175","page","type-page","status-publish","hentry"],"jetpack_sharing_enabled":true,"_links":{"self":[{"href":"https:\/\/portotilehouse.com\/pt\/wp-json\/wp\/v2\/pages\/175","targetHints":{"allow":["GET"]}}],"collection":[{"href":"https:\/\/portotilehouse.com\/pt\/wp-json\/wp\/v2\/pages"}],"about":[{"href":"https:\/\/portotilehouse.com\/pt\/wp-json\/wp\/v2\/types\/page"}],"author":[{"embeddable":true,"href":"https:\/\/portotilehouse.com\/pt\/wp-json\/wp\/v2\/users\/3"}],"replies":[{"embeddable":true,"href":"https:\/\/portotilehouse.com\/pt\/wp-json\/wp\/v2\/comments?post=175"}],"version-history":[{"count":5,"href":"https:\/\/portotilehouse.com\/pt\/wp-json\/wp\/v2\/pages\/175\/revisions"}],"predecessor-version":[{"id":25665,"href":"https:\/\/portotilehouse.com\/pt\/wp-json\/wp\/v2\/pages\/175\/revisions\/25665"}],"wp:attachment":[{"href":"https:\/\/portotilehouse.com\/pt\/wp-json\/wp\/v2\/media?parent=175"}],"curies":[{"name":"wp","href":"https:\/\/api.w.org\/{rel}","templated":true}]}}