{"id":166,"date":"2018-11-13T16:35:09","date_gmt":"2018-11-13T16:35:09","guid":{"rendered":"https:\/\/themes.getmotopress.com\/palmeria\/?page_id=166"},"modified":"2023-09-28T18:30:45","modified_gmt":"2023-09-28T17:30:45","slug":"contact-us","status":"publish","type":"page","link":"https:\/\/portotilehouse.com\/pt\/contact-us\/","title":{"rendered":"Contacte-nos"},"content":{"rendered":"<div class=\"wp-block-columns has-2-columns is-layout-flex wp-container-core-columns-is-layout-9d6595d7 wp-block-columns-is-layout-flex\">\n<div class=\"wp-block-column is-layout-flow wp-block-column-is-layout-flow\">\n<h3 class=\"wp-block-heading\">Ao seu dispor<\/h3>\n\n\n\n<p>A Porto Tile House \u00e9 um dos mais adorados alojamentos no Porto. Todos os momentos da sua estadia s\u00e3o importantes para n\u00f3s, por isso queremos assegurar que disfruta ao m\u00e1ximo da sua estadia. <\/p>\n\n\n\n<p><a rel=\"noreferrer noopener\" href=\"tel:+351 931154910\" data-type=\"tel\" data-id=\"tel:+351 931154910\" target=\"_blank\">+351 931 154 910<\/a> (Chamada para a rede m\u00f3vel)<br><a href=\"mailto:geral@portotilehouse.com\" target=\"_blank\" rel=\"noreferrer noopener\">geral@portotilehouse.com<\/a><\/p>\n\n\n\n<div style=\"height:10px\" aria-hidden=\"true\" class=\"wp-block-spacer\"><\/div>\n\n\n\n<p class=\"has-text-color\" style=\"color:#6e7078\">Rua de Miragaia 11<\/p>\n\n\n\n<p class=\"has-text-color\" style=\"color:#6e7078\">4050-385 Porto, Portugal <\/p>\n\n\n\n<p class=\"has-text-color\" style=\"color:#6e7078\">GPS: <a rel=\"noreferrer noopener\" href=\"https:\/\/www.google.com\/maps\/place\/Rua+de+Miragaia+11,+4050-068+Porto\/@41.141912,-8.6191075,3a,30y,46.02h,97.16t\/data=!3m6!1e1!3m4!1slkTLlJvxDVqnMjAX5BWRWQ!2e0!7i16384!8i8192!4m5!3m4!1s0xd24651eed3b0f4d:0x6931e455ec46fdb4!8m2!3d41.1422593!4d-8.6196228\" target=\"_blank\">41.141965, -8.618985<\/a><\/p>\n\n\n\n<iframe src=\"https:\/\/www.google.com\/maps\/embed?pb=!1m18!1m12!1m3!1d375.58276184444657!2d-8.619058995484318!3d41.14190193706679!2m3!1f0!2f0!3f0!3m2!1i1024!2i768!4f13.1!3m3!1m2!1s0xd246510e6d06e57%3A0x7429c1ef80891c8a!2sPorto%20Tile%20House!5e0!3m2!1spt-PT!2spt!4v1616086104500!5m2!1spt-PT!2spt\" width=\"100%\" height=\"500\" style=\"border:0;\" allowfullscreen=\"\" loading=\"lazy\"><\/iframe>\n<\/div>\n\n\n\n<div class=\"wp-block-column is-layout-flow wp-block-column-is-layout-flow\">\n<h3 class=\"wp-block-heading\">Fale conosco!<\/h3>\n\n\n\n<div class=\"wpcf7 no-js\" id=\"wpcf7-f165-o1\" lang=\"en-US\" dir=\"ltr\" data-wpcf7-id=\"165\">\n<div class=\"screen-reader-response\"><p role=\"status\" aria-live=\"polite\" aria-atomic=\"true\"><\/p> <ul><\/ul><\/div>\n<form action=\"\/pt\/wp-json\/wp\/v2\/pages\/166#wpcf7-f165-o1\" method=\"post\" class=\"wpcf7-form init\" aria-label=\"Contact form\" novalidate=\"novalidate\" data-status=\"init\" data-trp-original-action=\"\/pt\/wp-json\/wp\/v2\/pages\/166#wpcf7-f165-o1\">\n<fieldset class=\"hidden-fields-container\"><input type=\"hidden\" name=\"_wpcf7\" value=\"165\" \/><input type=\"hidden\" name=\"_wpcf7_version\" value=\"6.1.5\" \/><input type=\"hidden\" name=\"_wpcf7_locale\" value=\"en_US\" \/><input type=\"hidden\" name=\"_wpcf7_unit_tag\" value=\"wpcf7-f165-o1\" \/><input type=\"hidden\" name=\"_wpcf7_container_post\" value=\"0\" \/><input type=\"hidden\" name=\"_wpcf7_posted_data_hash\" value=\"\" \/>\n<\/fieldset>\n<p><label> Nome<br \/>\n<span class=\"wpcf7-form-control-wrap\" data-name=\"your-name\"><input size=\"40\" maxlength=\"400\" class=\"wpcf7-form-control wpcf7-text wpcf7-validates-as-required\" aria-required=\"true\" aria-invalid=\"false\" value=\"\" type=\"text\" name=\"your-name\" \/><\/span> <\/label>\n<\/p>\n<p><label> Email<br \/>\n<span class=\"wpcf7-form-control-wrap\" data-name=\"your-email\"><input size=\"40\" maxlength=\"400\" class=\"wpcf7-form-control wpcf7-email wpcf7-validates-as-required wpcf7-text wpcf7-validates-as-email\" aria-required=\"true\" aria-invalid=\"false\" value=\"\" type=\"email\" name=\"your-email\" \/><\/span> <\/label>\n<\/p>\n<p><label> Assunto<br \/>\n<span class=\"wpcf7-form-control-wrap\" data-name=\"your-subject\"><input size=\"40\" maxlength=\"400\" class=\"wpcf7-form-control wpcf7-text\" aria-invalid=\"false\" value=\"\" type=\"text\" name=\"your-subject\" \/><\/span> <\/label>\n<\/p>\n<p><label> Mensagem<br \/>\n<span class=\"wpcf7-form-control-wrap\" data-name=\"your-message\"><textarea cols=\"40\" rows=\"4\" maxlength=\"2000\" class=\"wpcf7-form-control wpcf7-textarea\" aria-invalid=\"false\" name=\"your-message\"><\/textarea><\/span> <\/label>\n<\/p>\n<p><span class=\"wpcf7-form-control-wrap\" data-name=\"quiz-639\"><label><span class=\"wpcf7-quiz-label\">9-3<\/span> <input size=\"40\" class=\"wpcf7-form-control wpcf7-quiz\" autocomplete=\"off\" aria-required=\"true\" aria-invalid=\"false\" type=\"text\" name=\"quiz-639\" \/><\/label><input type=\"hidden\" name=\"_wpcf7_quiz_answer_quiz-639\" value=\"3752ade9d82a5c31df2c14933739b872\" \/><\/span><br \/>\n<input class=\"wpcf7-form-control wpcf7-submit has-spinner\" type=\"submit\" value=\"Enviar\" \/>\n<\/p><p style=\"display: none !important;\" class=\"akismet-fields-container\" data-prefix=\"_wpcf7_ak_\"><label>&#916;<textarea name=\"_wpcf7_ak_hp_textarea\" cols=\"45\" rows=\"8\" maxlength=\"100\"><\/textarea><\/label><input type=\"hidden\" id=\"ak_js_1\" name=\"_wpcf7_ak_js\" value=\"181\"\/><script>document.getElementById( \"ak_js_1\" ).setAttribute( \"value\", ( new Date() ).getTime() );<\/script><\/p><div class=\"wpcf7-response-output\" aria-hidden=\"true\"><\/div>\n<input type=\"hidden\" name=\"trp-form-language\" value=\"pt\"\/><\/form>\n<\/div>\n\n<\/div>\n<\/div>","protected":false},"excerpt":{"rendered":"<p>Get in Touch Porto Tile House is one of the most loved resorts in Porto. Every moment of your stay is important for us so we want to make sure you\u2019ve enjoyed your holiday. +351 931 154 910 (mobile network call)geral@portotilehouse.com Rua de Miragaia 11 4050-385 Porto, Portugal GPS: 41.141965, -8.618985 Leave us a Message<\/p>","protected":false},"author":3,"featured_media":755,"parent":0,"menu_order":0,"comment_status":"closed","ping_status":"closed","template":"template-wide-page.php","meta":{"footnotes":""},"class_list":["post-166","page","type-page","status-publish","has-post-thumbnail","hentry"],"jetpack_sharing_enabled":true,"_links":{"self":[{"href":"https:\/\/portotilehouse.com\/pt\/wp-json\/wp\/v2\/pages\/166","targetHints":{"allow":["GET"]}}],"collection":[{"href":"https:\/\/portotilehouse.com\/pt\/wp-json\/wp\/v2\/pages"}],"about":[{"href":"https:\/\/portotilehouse.com\/pt\/wp-json\/wp\/v2\/types\/page"}],"author":[{"embeddable":true,"href":"https:\/\/portotilehouse.com\/pt\/wp-json\/wp\/v2\/users\/3"}],"replies":[{"embeddable":true,"href":"https:\/\/portotilehouse.com\/pt\/wp-json\/wp\/v2\/comments?post=166"}],"version-history":[{"count":18,"href":"https:\/\/portotilehouse.com\/pt\/wp-json\/wp\/v2\/pages\/166\/revisions"}],"predecessor-version":[{"id":25612,"href":"https:\/\/portotilehouse.com\/pt\/wp-json\/wp\/v2\/pages\/166\/revisions\/25612"}],"wp:featuredmedia":[{"embeddable":true,"href":"https:\/\/portotilehouse.com\/pt\/wp-json\/wp\/v2\/media\/755"}],"wp:attachment":[{"href":"https:\/\/portotilehouse.com\/pt\/wp-json\/wp\/v2\/media?parent=166"}],"curies":[{"name":"wp","href":"https:\/\/api.w.org\/{rel}","templated":true}]}}